{"id":14,"date":"2025-11-14T16:43:12","date_gmt":"2025-11-14T16:43:12","guid":{"rendered":"https:\/\/hannujamarjaterttu.fi\/?page_id=14"},"modified":"2026-03-24T19:26:46","modified_gmt":"2026-03-24T17:26:46","slug":"omassa-pihassa","status":"publish","type":"page","link":"https:\/\/hannujamarjaterttu.fi\/","title":{"rendered":"Omassa pihassa"},"content":{"rendered":"\n<h2 class=\"wp-block-heading\"><\/h2>\n\n\n\n<figure class=\"wp-block-gallery has-nested-images columns-default is-cropped wp-block-gallery-1 is-layout-flex wp-block-gallery-is-layout-flex\">\n<figure class=\"wp-block-image size-full\"><img loading=\"lazy\" decoding=\"async\" width=\"1024\" height=\"768\" data-id=\"1018\" src=\"https:\/\/hannujamarjaterttu.fi\/wp-content\/uploads\/2026\/03\/IMG_6372.jpg\" alt=\"\" class=\"wp-image-1018\" srcset=\"https:\/\/hannujamarjaterttu.fi\/wp-content\/uploads\/2026\/03\/IMG_6372.jpg 1024w, https:\/\/hannujamarjaterttu.fi\/wp-content\/uploads\/2026\/03\/IMG_6372-300x225.jpg 300w, https:\/\/hannujamarjaterttu.fi\/wp-content\/uploads\/2026\/03\/IMG_6372-768x576.jpg 768w\" sizes=\"auto, (max-width: 1024px) 100vw, 1024px\" \/><\/figure>\n<\/figure>\n\n\n<ul class=\"wp-block-latest-posts__list wp-block-latest-posts\"><li><a class=\"wp-block-latest-posts__post-title\" href=\"https:\/\/hannujamarjaterttu.fi\/index.php\/2026\/04\/14\/14-2-2006\/\">14.2.2006<\/a><\/li>\n<li><a class=\"wp-block-latest-posts__post-title\" href=\"https:\/\/hannujamarjaterttu.fi\/index.php\/2026\/04\/13\/13-4-1983\/\">13.4.1983<\/a><\/li>\n<li><a class=\"wp-block-latest-posts__post-title\" href=\"https:\/\/hannujamarjaterttu.fi\/index.php\/2026\/04\/12\/12-4-2007\/\">12.4.2007<\/a><\/li>\n<li><a class=\"wp-block-latest-posts__post-title\" href=\"https:\/\/hannujamarjaterttu.fi\/index.php\/2026\/04\/11\/11-4-2006\/\">11.4.2006<\/a><\/li>\n<li><a class=\"wp-block-latest-posts__post-title\" href=\"https:\/\/hannujamarjaterttu.fi\/index.php\/2026\/04\/10\/10-4-1976\/\">10.4.1976<\/a><\/li>\n<\/ul>\n\n\n<figure class=\"wp-block-gallery has-nested-images columns-default is-cropped wp-block-gallery-2 is-layout-flex wp-block-gallery-is-layout-flex\">\n<figure class=\"wp-block-image size-large\"><img loading=\"lazy\" decoding=\"async\" width=\"1024\" height=\"681\" data-id=\"27\" src=\"https:\/\/hannujamarjaterttu.fi\/wp-content\/uploads\/2025\/11\/DSC_9885-1024x681.jpg\" alt=\"\" class=\"wp-image-27\" srcset=\"https:\/\/hannujamarjaterttu.fi\/wp-content\/uploads\/2025\/11\/DSC_9885-1024x681.jpg 1024w, https:\/\/hannujamarjaterttu.fi\/wp-content\/uploads\/2025\/11\/DSC_9885-300x200.jpg 300w, https:\/\/hannujamarjaterttu.fi\/wp-content\/uploads\/2025\/11\/DSC_9885-768x511.jpg 768w, https:\/\/hannujamarjaterttu.fi\/wp-content\/uploads\/2025\/11\/DSC_9885-1536x1022.jpg 1536w, https:\/\/hannujamarjaterttu.fi\/wp-content\/uploads\/2025\/11\/DSC_9885-2048x1363.jpg 2048w\" sizes=\"auto, (max-width: 1024px) 100vw, 1024px\" \/><\/figure>\n\n\n\n<figure class=\"wp-block-image size-large\"><img loading=\"lazy\" decoding=\"async\" width=\"1024\" height=\"683\" data-id=\"26\" src=\"https:\/\/hannujamarjaterttu.fi\/wp-content\/uploads\/2025\/11\/DSC_9878-1024x683.jpg\" alt=\"\" class=\"wp-image-26\" srcset=\"https:\/\/hannujamarjaterttu.fi\/wp-content\/uploads\/2025\/11\/DSC_9878-1024x683.jpg 1024w, https:\/\/hannujamarjaterttu.fi\/wp-content\/uploads\/2025\/11\/DSC_9878-300x200.jpg 300w, https:\/\/hannujamarjaterttu.fi\/wp-content\/uploads\/2025\/11\/DSC_9878-768x513.jpg 768w, https:\/\/hannujamarjaterttu.fi\/wp-content\/uploads\/2025\/11\/DSC_9878-1536x1025.jpg 1536w, https:\/\/hannujamarjaterttu.fi\/wp-content\/uploads\/2025\/11\/DSC_9878-2048x1367.jpg 2048w\" sizes=\"auto, (max-width: 1024px) 100vw, 1024px\" \/><\/figure>\n\n\n\n<figure class=\"wp-block-image size-large\"><img loading=\"lazy\" decoding=\"async\" width=\"1024\" height=\"683\" data-id=\"25\" src=\"https:\/\/hannujamarjaterttu.fi\/wp-content\/uploads\/2025\/11\/DSC_7529-1024x683.jpg\" alt=\"\" class=\"wp-image-25\" srcset=\"https:\/\/hannujamarjaterttu.fi\/wp-content\/uploads\/2025\/11\/DSC_7529-1024x683.jpg 1024w, https:\/\/hannujamarjaterttu.fi\/wp-content\/uploads\/2025\/11\/DSC_7529-300x200.jpg 300w, https:\/\/hannujamarjaterttu.fi\/wp-content\/uploads\/2025\/11\/DSC_7529-768x513.jpg 768w, https:\/\/hannujamarjaterttu.fi\/wp-content\/uploads\/2025\/11\/DSC_7529-1536x1025.jpg 1536w, https:\/\/hannujamarjaterttu.fi\/wp-content\/uploads\/2025\/11\/DSC_7529-2048x1367.jpg 2048w\" sizes=\"auto, (max-width: 1024px) 100vw, 1024px\" \/><\/figure>\n\n\n\n<figure class=\"wp-block-image size-large\"><img loading=\"lazy\" decoding=\"async\" width=\"890\" height=\"1024\" data-id=\"24\" src=\"https:\/\/hannujamarjaterttu.fi\/wp-content\/uploads\/2025\/11\/IMG_E7840-890x1024.jpg\" alt=\"\" class=\"wp-image-24\" srcset=\"https:\/\/hannujamarjaterttu.fi\/wp-content\/uploads\/2025\/11\/IMG_E7840-890x1024.jpg 890w, https:\/\/hannujamarjaterttu.fi\/wp-content\/uploads\/2025\/11\/IMG_E7840-261x300.jpg 261w, https:\/\/hannujamarjaterttu.fi\/wp-content\/uploads\/2025\/11\/IMG_E7840-768x884.jpg 768w, https:\/\/hannujamarjaterttu.fi\/wp-content\/uploads\/2025\/11\/IMG_E7840-1335x1536.jpg 1335w, https:\/\/hannujamarjaterttu.fi\/wp-content\/uploads\/2025\/11\/IMG_E7840-1780x2048.jpg 1780w\" sizes=\"auto, (max-width: 890px) 100vw, 890px\" \/><\/figure>\n\n\n\n<figure class=\"wp-block-image size-large\"><img loading=\"lazy\" decoding=\"async\" width=\"1024\" height=\"768\" data-id=\"23\" src=\"https:\/\/hannujamarjaterttu.fi\/wp-content\/uploads\/2025\/11\/IMG_8914-1024x768.jpg\" alt=\"\" class=\"wp-image-23\" srcset=\"https:\/\/hannujamarjaterttu.fi\/wp-content\/uploads\/2025\/11\/IMG_8914-1024x768.jpg 1024w, https:\/\/hannujamarjaterttu.fi\/wp-content\/uploads\/2025\/11\/IMG_8914-300x225.jpg 300w, https:\/\/hannujamarjaterttu.fi\/wp-content\/uploads\/2025\/11\/IMG_8914-768x576.jpg 768w, https:\/\/hannujamarjaterttu.fi\/wp-content\/uploads\/2025\/11\/IMG_8914-1536x1152.jpg 1536w, https:\/\/hannujamarjaterttu.fi\/wp-content\/uploads\/2025\/11\/IMG_8914-2048x1536.jpg 2048w\" sizes=\"auto, (max-width: 1024px) 100vw, 1024px\" \/><\/figure>\n\n\n\n<figure class=\"wp-block-image size-large\"><img loading=\"lazy\" decoding=\"async\" width=\"1024\" height=\"681\" data-id=\"21\" src=\"https:\/\/hannujamarjaterttu.fi\/wp-content\/uploads\/2025\/11\/DSC_6229-1024x681.jpg\" alt=\"\" class=\"wp-image-21\" srcset=\"https:\/\/hannujamarjaterttu.fi\/wp-content\/uploads\/2025\/11\/DSC_6229-1024x681.jpg 1024w, https:\/\/hannujamarjaterttu.fi\/wp-content\/uploads\/2025\/11\/DSC_6229-300x200.jpg 300w, https:\/\/hannujamarjaterttu.fi\/wp-content\/uploads\/2025\/11\/DSC_6229-768x511.jpg 768w, https:\/\/hannujamarjaterttu.fi\/wp-content\/uploads\/2025\/11\/DSC_6229-1536x1022.jpg 1536w, https:\/\/hannujamarjaterttu.fi\/wp-content\/uploads\/2025\/11\/DSC_6229-2048x1363.jpg 2048w\" sizes=\"auto, (max-width: 1024px) 100vw, 1024px\" \/><\/figure>\n\n\n\n<figure class=\"wp-block-image size-full\"><img decoding=\"async\" data-id=\"700\" src=\"https:\/\/hannujamarjaterttu.fi\/wp-content\/uploads\/2025\/12\/HHY_0164.jpg\" alt=\"\" class=\"wp-image-700\"\/><\/figure>\n\n\n\n<figure class=\"wp-block-image size-large\"><img loading=\"lazy\" decoding=\"async\" width=\"1024\" height=\"768\" data-id=\"22\" src=\"https:\/\/hannujamarjaterttu.fi\/wp-content\/uploads\/2025\/11\/IMG_1664-1024x768.jpg\" alt=\"\" class=\"wp-image-22\" srcset=\"https:\/\/hannujamarjaterttu.fi\/wp-content\/uploads\/2025\/11\/IMG_1664-1024x768.jpg 1024w, https:\/\/hannujamarjaterttu.fi\/wp-content\/uploads\/2025\/11\/IMG_1664-300x225.jpg 300w, https:\/\/hannujamarjaterttu.fi\/wp-content\/uploads\/2025\/11\/IMG_1664-768x576.jpg 768w, https:\/\/hannujamarjaterttu.fi\/wp-content\/uploads\/2025\/11\/IMG_1664-1536x1152.jpg 1536w, https:\/\/hannujamarjaterttu.fi\/wp-content\/uploads\/2025\/11\/IMG_1664-2048x1536.jpg 2048w\" sizes=\"auto, (max-width: 1024px) 100vw, 1024px\" \/><\/figure>\n\n\n\n<figure class=\"wp-block-image size-large\"><img loading=\"lazy\" decoding=\"async\" width=\"1024\" height=\"681\" data-id=\"19\" src=\"https:\/\/hannujamarjaterttu.fi\/wp-content\/uploads\/2025\/11\/DSC_2884-1024x681.jpg\" alt=\"\" class=\"wp-image-19\" srcset=\"https:\/\/hannujamarjaterttu.fi\/wp-content\/uploads\/2025\/11\/DSC_2884-1024x681.jpg 1024w, https:\/\/hannujamarjaterttu.fi\/wp-content\/uploads\/2025\/11\/DSC_2884-300x200.jpg 300w, https:\/\/hannujamarjaterttu.fi\/wp-content\/uploads\/2025\/11\/DSC_2884-768x511.jpg 768w, https:\/\/hannujamarjaterttu.fi\/wp-content\/uploads\/2025\/11\/DSC_2884-1536x1022.jpg 1536w, https:\/\/hannujamarjaterttu.fi\/wp-content\/uploads\/2025\/11\/DSC_2884-2048x1363.jpg 2048w\" sizes=\"auto, (max-width: 1024px) 100vw, 1024px\" \/><\/figure>\n\n\n\n<figure class=\"wp-block-image size-large\"><img loading=\"lazy\" decoding=\"async\" width=\"1024\" height=\"683\" data-id=\"17\" src=\"https:\/\/hannujamarjaterttu.fi\/wp-content\/uploads\/2025\/11\/DSC_7222-1024x683.jpg\" alt=\"\" class=\"wp-image-17\" srcset=\"https:\/\/hannujamarjaterttu.fi\/wp-content\/uploads\/2025\/11\/DSC_7222-1024x683.jpg 1024w, https:\/\/hannujamarjaterttu.fi\/wp-content\/uploads\/2025\/11\/DSC_7222-300x200.jpg 300w, https:\/\/hannujamarjaterttu.fi\/wp-content\/uploads\/2025\/11\/DSC_7222-768x513.jpg 768w, https:\/\/hannujamarjaterttu.fi\/wp-content\/uploads\/2025\/11\/DSC_7222-1536x1025.jpg 1536w, https:\/\/hannujamarjaterttu.fi\/wp-content\/uploads\/2025\/11\/DSC_7222-2048x1367.jpg 2048w\" sizes=\"auto, (max-width: 1024px) 100vw, 1024px\" \/><\/figure>\n<\/figure>\n\n\n\n<div class=\"wp-block-buttons is-layout-flex wp-block-buttons-is-layout-flex\">\n<div class=\"wp-block-button\"><a class=\"wp-block-button__link wp-element-button\" href=\"https:\/\/hannujamarjaterttu.fi\/index.php\/paivan-kuva\/\">T\u00e4st\u00e4 linkki p\u00e4iv\u00e4n kuvaan<\/a><\/div>\n<\/div>\n\n\n<ul class=\"wp-block-page-list\"><li class=\"wp-block-pages-list__item\"><a class=\"wp-block-pages-list__item__link\" href=\"https:\/\/hannujamarjaterttu.fi\/index.php\/ajankohtaista\/\">Ajankohtaista<\/a><\/li><li class=\"wp-block-pages-list__item\"><a class=\"wp-block-pages-list__item__link\" href=\"https:\/\/hannujamarjaterttu.fi\/index.php\/amaryllis\/\">Amaryllis<\/a><\/li><li class=\"wp-block-pages-list__item has-child\"><a class=\"wp-block-pages-list__item__link\" href=\"https:\/\/hannujamarjaterttu.fi\/index.php\/kissat\/\">Kissat<\/a><ul class=\"wp-block-navigation__submenu-container\"><li class=\"wp-block-pages-list__item \"><a class=\"wp-block-pages-list__item__link\" href=\"https:\/\/hannujamarjaterttu.fi\/index.php\/kissat\/kassu\/\">Kassu<\/a><\/li><li class=\"wp-block-pages-list__item \"><a class=\"wp-block-pages-list__item__link\" href=\"https:\/\/hannujamarjaterttu.fi\/index.php\/kissat\/miiru\/\">Miiru<\/a><\/li><li class=\"wp-block-pages-list__item \"><a class=\"wp-block-pages-list__item__link\" href=\"https:\/\/hannujamarjaterttu.fi\/index.php\/kissat\/rasmus\/\">Rasmus<\/a><\/li><li class=\"wp-block-pages-list__item \"><a class=\"wp-block-pages-list__item__link\" href=\"https:\/\/hannujamarjaterttu.fi\/index.php\/kissat\/roope\/\">Roope<\/a><\/li><\/ul><\/li><li class=\"wp-block-pages-list__item has-child\"><a class=\"wp-block-pages-list__item__link\" href=\"https:\/\/hannujamarjaterttu.fi\/index.php\/kuvagalleria\/\">Kuvagalleria<\/a><ul class=\"wp-block-navigation__submenu-container\"><li class=\"wp-block-pages-list__item has-child \"><a class=\"wp-block-pages-list__item__link\" href=\"https:\/\/hannujamarjaterttu.fi\/index.php\/kuvagalleria\/marjatertun-kasityot-2\/\">Marjatertun k\u00e4sit\u00f6it\u00e4<\/a><ul class=\"wp-block-navigation__submenu-container\"><li class=\"wp-block-pages-list__item \"><a class=\"wp-block-pages-list__item__link\" href=\"https:\/\/hannujamarjaterttu.fi\/index.php\/kuvagalleria\/marjatertun-kasityot-2\/marjatertun-kasityot\/\">Kranssit<\/a><\/li><li class=\"wp-block-pages-list__item \"><a class=\"wp-block-pages-list__item__link\" href=\"https:\/\/hannujamarjaterttu.fi\/index.php\/kuvagalleria\/marjatertun-kasityot-2\/tekstiilit\/\">Tekstiilit<\/a><\/li><\/ul><\/li><li class=\"wp-block-pages-list__item has-child \"><a class=\"wp-block-pages-list__item__link\" href=\"https:\/\/hannujamarjaterttu.fi\/index.php\/kuvagalleria\/matkat-ja-retket\/\">Matkat ja retket<\/a><ul class=\"wp-block-navigation__submenu-container\"><li class=\"wp-block-pages-list__item \"><a class=\"wp-block-pages-list__item__link\" href=\"https:\/\/hannujamarjaterttu.fi\/index.php\/kuvagalleria\/matkat-ja-retket\/kuvia-matkoilta-ja-retkilta\/\">Kuvia matkoilta ja retkilt\u00e4<\/a><\/li><li class=\"wp-block-pages-list__item \"><a class=\"wp-block-pages-list__item__link\" href=\"https:\/\/hannujamarjaterttu.fi\/index.php\/kuvagalleria\/matkat-ja-retket\/parnu-2025\/\">Omat albumit<\/a><\/li><\/ul><\/li><li class=\"wp-block-pages-list__item \"><a class=\"wp-block-pages-list__item__link\" href=\"https:\/\/hannujamarjaterttu.fi\/index.php\/kuvagalleria\/vanhat-kuvat\/\">Vanhat kuvat<\/a><\/li><\/ul><\/li><li class=\"wp-block-pages-list__item menu-item-home\"><a class=\"wp-block-pages-list__item__link\" href=\"https:\/\/hannujamarjaterttu.fi\/\">Omassa pihassa<\/a><\/li><li class=\"wp-block-pages-list__item\"><a class=\"wp-block-pages-list__item__link\" href=\"https:\/\/hannujamarjaterttu.fi\/index.php\/paivan-kuva\/\">P\u00e4iv\u00e4n kuva<\/a><\/li><li class=\"wp-block-pages-list__item has-child\"><a class=\"wp-block-pages-list__item__link\" href=\"https:\/\/hannujamarjaterttu.fi\/index.php\/puutarha\/\">Puutarha<\/a><ul class=\"wp-block-navigation__submenu-container\"><li class=\"wp-block-pages-list__item \"><a class=\"wp-block-pages-list__item__link\" href=\"https:\/\/hannujamarjaterttu.fi\/index.php\/puutarha\/kasvihuone\/\">Kasvihuone<\/a><\/li><li class=\"wp-block-pages-list__item \"><a class=\"wp-block-pages-list__item__link\" href=\"https:\/\/hannujamarjaterttu.fi\/index.php\/puutarha\/marjat\/\">Marjat<\/a><\/li><li class=\"wp-block-pages-list__item \"><a class=\"wp-block-pages-list__item__link\" href=\"https:\/\/hannujamarjaterttu.fi\/index.php\/puutarha\/omenat\/\">Omenat<\/a><\/li><li class=\"wp-block-pages-list__item \"><a class=\"wp-block-pages-list__item__link\" href=\"https:\/\/hannujamarjaterttu.fi\/index.php\/puutarha\/ruusut\/\">Ruusut<\/a><\/li><\/ul><\/li><\/ul>","protected":false},"excerpt":{"rendered":"","protected":false},"author":1,"featured_media":0,"parent":0,"menu_order":0,"comment_status":"closed","ping_status":"closed","template":"","meta":{"site-sidebar-layout":"default","site-content-layout":"","ast-site-content-layout":"default","site-content-style":"default","site-sidebar-style":"default","ast-global-header-display":"","ast-banner-title-visibility":"","ast-main-header-display":"","ast-hfb-above-header-display":"","ast-hfb-below-header-display":"","ast-hfb-mobile-header-display":"","site-post-title":"","ast-breadcrumbs-content":"","ast-featured-img":"","footer-sml-layout":"","ast-disable-related-posts":"","theme-transparent-header-meta":"","adv-header-id-meta":"","stick-header-meta":"","header-above-stick-meta":"","header-main-stick-meta":"","header-below-stick-meta":"","astra-migrate-meta-layouts":"default","ast-page-background-enabled":"default","ast-page-background-meta":{"desktop":{"background-color":"var(--ast-global-color-5)","background-image":"","background-repeat":"repeat","background-position":"center center","background-size":"auto","background-attachment":"scroll","background-type":"","background-media":"","overlay-type":"","overlay-color":"","overlay-opacity":"","overlay-gradient":""},"tablet":{"background-color":"","background-image":"","background-repeat":"repeat","background-position":"center center","background-size":"auto","background-attachment":"scroll","background-type":"","background-media":"","overlay-type":"","overlay-color":"","overlay-opacity":"","overlay-gradient":""},"mobile":{"background-color":"","background-image":"","background-repeat":"repeat","background-position":"center center","background-size":"auto","background-attachment":"scroll","background-type":"","background-media":"","overlay-type":"","overlay-color":"","overlay-opacity":"","overlay-gradient":""}},"ast-content-background-meta":{"desktop":{"background-color":"var(--ast-global-color-4)","background-image":"","background-repeat":"repeat","background-position":"center center","background-size":"auto","background-attachment":"scroll","background-type":"","background-media":"","overlay-type":"","overlay-color":"","overlay-opacity":"","overlay-gradient":""},"tablet":{"background-color":"var(--ast-global-color-4)","background-image":"","background-repeat":"repeat","background-position":"center center","background-size":"auto","background-attachment":"scroll","background-type":"","background-media":"","overlay-type":"","overlay-color":"","overlay-opacity":"","overlay-gradient":""},"mobile":{"background-color":"var(--ast-global-color-4)","background-image":"","background-repeat":"repeat","background-position":"center center","background-size":"auto","background-attachment":"scroll","background-type":"","background-media":"","overlay-type":"","overlay-color":"","overlay-opacity":"","overlay-gradient":""}},"footnotes":""},"class_list":["post-14","page","type-page","status-publish","hentry"],"_links":{"self":[{"href":"https:\/\/hannujamarjaterttu.fi\/index.php\/wp-json\/wp\/v2\/pages\/14","targetHints":{"allow":["GET"]}}],"collection":[{"href":"https:\/\/hannujamarjaterttu.fi\/index.php\/wp-json\/wp\/v2\/pages"}],"about":[{"href":"https:\/\/hannujamarjaterttu.fi\/index.php\/wp-json\/wp\/v2\/types\/page"}],"author":[{"embeddable":true,"href":"https:\/\/hannujamarjaterttu.fi\/index.php\/wp-json\/wp\/v2\/users\/1"}],"replies":[{"embeddable":true,"href":"https:\/\/hannujamarjaterttu.fi\/index.php\/wp-json\/wp\/v2\/comments?post=14"}],"version-history":[{"count":31,"href":"https:\/\/hannujamarjaterttu.fi\/index.php\/wp-json\/wp\/v2\/pages\/14\/revisions"}],"predecessor-version":[{"id":1019,"href":"https:\/\/hannujamarjaterttu.fi\/index.php\/wp-json\/wp\/v2\/pages\/14\/revisions\/1019"}],"wp:attachment":[{"href":"https:\/\/hannujamarjaterttu.fi\/index.php\/wp-json\/wp\/v2\/media?parent=14"}],"curies":[{"name":"wp","href":"https:\/\/api.w.org\/{rel}","templated":true}]}}